{"id":120,"date":"2021-12-14T16:30:39","date_gmt":"2021-12-14T15:30:39","guid":{"rendered":"https:\/\/gozo.eus\/?page_id=120"},"modified":"2022-09-27T14:09:26","modified_gmt":"2022-09-27T12:09:26","slug":"2do-bloque","status":"publish","type":"page","link":"https:\/\/gozo.eus\/es\/2do-bloque\/","title":{"rendered":"2do bloque"},"content":{"rendered":"04\/10\/2022<\/p>\n<p><strong>Ma\u00f1ana<\/strong><\/p>\n<p>10.00h-10.30h: <strong>Inscripciones y recogida de material<\/strong><\/p>\n<p>10.30h-12.00h: <strong>Pol\u00edticas p\u00fablicas para un consumo alimentario m\u00e1s saludable y sostenible<\/strong><\/p>\n<ul>\n<li><em><a href=\"https:\/\/www.aesan.gob.es\/AECOSAN\/web\/home\/aecosan_inicio.htm\">Agencia Espa\u00f1ola de Seguridad Alimentaria y Nutrici\u00f3n (AESAN)<\/a>, <a href=\"https:\/\/consumo.gob.es\/\">Ministerio de Consumo<\/a> de Espa\u00f1a<\/em>. Isabel Pe\u00f1a-Rey, Directora Ejecutiva<\/li>\n<li><em><a href=\"https:\/\/www.san.gva.es\/web_estatica\/index_va.html\"> Conselleria de Sanitat Universal i Salut P\u00fablica<\/a> de la Generalitat Valenciana<\/em>. Isaura Navarro, Secretaria Auton\u00f3mica de Salud P\u00fablica<\/li>\n<\/ul>\n<p>12.00h \u2013 12:30h: <strong>Pausa caf\u00e9<\/strong><\/p>\n<p>12.30h \u2013 14h: <strong>Pol\u00edticas que transforman el modelo de alimentaci\u00f3n<\/strong><\/p>\n<ul>\n<li><em>Ley chilena sobre composici\u00f3n nutricional de los alimentos y su publicidad<\/em>. Fernanda Mediano, investigadora postdoctoral, <a href=\"https:\/\/www.globalfoodresearchprogram.org\/\">Global Food Research Program. University of North Carolina at Chapel Hill<\/a><\/li>\n<li><em>El poder de la persona consumidora para transformar la alimentaci\u00f3n en M\u00e9xico<\/em>. Alejandro Calvillo, director de <a href=\"https:\/\/elpoderdelconsumidor.org\/\">El poder del Consumidor<\/a><\/li>\n<\/ul>\n<p><strong>Tarde<\/strong><\/p>\n<p>16h-16:30: <strong>Inscripciones y recogida de material<\/strong><\/p>\n<p>16.30h-18.00h: <strong>Primer sector como eje del cambio en la alimentaci\u00f3n escolar\u00a0<\/strong><\/p>\n<ul>\n<li><em>Creando redes por la Soberan\u00eda Alimentaria en Debagoiena.<\/em> Ainhoa Narbaiza, <a href=\"https:\/\/www.ereindajan.eus\/\">Ereindajan<\/a><\/li>\n<li><em>La compra p\u00fablica alimentaria: Herramienta para el desarrollo de la soberan\u00eda\u00a0alimentaria.<\/em> Marijo Imaz, t\u00e9cnica de estrategia alimentaria de <a href=\"https:\/\/www.urduna.com\/es-ES\/Paginas\/default.aspx\">Ordu\u00f1a<\/a><\/li>\n<li><em>Baserritarras como agentes del cambio en la alimentaci\u00f3n escolar.<\/em> Amets Ladislao, <a href=\"https:\/\/etxaldeko-emakumeak.elikaherria.eus\/es\/\">Etxaldeko emakumeak<\/a><\/li>\n<\/ul>\n<p>18.00h-18:30h: <strong>Pausa caf\u00e9<\/strong><\/p>\n<p>18.30h-20:15h: <strong>Rutas hacia una alimentaci\u00f3n escolar sana y sostenible\u00a0<\/strong><\/p>\n<ul>\n<li><em>Alimentos ecol\u00f3gicos en los comedores escolares de Navarra<\/em>. Silvia Larra\u00f1eta, <a href=\"https:\/\/www.cpaen.org\/es\">CEPAEN<\/a><\/li>\n<li><em>Empresa p\u00fablica de restauraci\u00f3n colectiva saludable y sostenible.<\/em> Filippo Fossati, gerente de la empresa <a href=\"http:\/\/www.qualitaeservizi.com\/\">Qualit\u00e0 &amp; Servizi<\/a>\u00a0(Sesto Fiorentino, Italia)<\/li>\n<li><em>La econom\u00eda circular en la alimentaci\u00f3n escolar Balear.<\/em>\u00a0Noemi Garc\u00eda, responsable del proyecto <a href=\"https:\/\/menorcalplat.com\/es\/escola\/\">Menorca al Plat<\/a><\/li>\n<\/ul>","protected":false},"excerpt":{"rendered":"<p>04\/10\/2022 Ma\u00f1ana 10.00h-10.30h: Inscripciones y recogida de material 10.30h-12.00h: Pol\u00edticas p\u00fablicas para un consumo alimentario m\u00e1s saludable y sostenible Agencia Espa\u00f1ola de Seguridad Alimentaria y Nutrici\u00f3n (AESAN), Ministerio de Consumo de Espa\u00f1a. Isabel Pe\u00f1a-Rey, Directora Ejecutiva Conselleria de Sanitat Universal i Salut P\u00fablica de la Generalitat Valenciana. Isaura Navarro, Secretaria Auton\u00f3mica de Salud P\u00fablica 12.00h [&hellip;]<\/p>\n","protected":false},"author":2,"featured_media":0,"parent":0,"menu_order":0,"comment_status":"closed","ping_status":"closed","template":"","meta":{"_monsterinsights_skip_tracking":false,"_monsterinsights_sitenote_active":false,"_monsterinsights_sitenote_note":"","_monsterinsights_sitenote_category":0,"footnotes":""},"class_list":["post-120","page","type-page","status-publish","hentry"],"_links":{"self":[{"href":"https:\/\/gozo.eus\/es\/wp-json\/wp\/v2\/pages\/120","targetHints":{"allow":["GET"]}}],"collection":[{"href":"https:\/\/gozo.eus\/es\/wp-json\/wp\/v2\/pages"}],"about":[{"href":"https:\/\/gozo.eus\/es\/wp-json\/wp\/v2\/types\/page"}],"author":[{"embeddable":true,"href":"https:\/\/gozo.eus\/es\/wp-json\/wp\/v2\/users\/2"}],"replies":[{"embeddable":true,"href":"https:\/\/gozo.eus\/es\/wp-json\/wp\/v2\/comments?post=120"}],"version-history":[{"count":67,"href":"https:\/\/gozo.eus\/es\/wp-json\/wp\/v2\/pages\/120\/revisions"}],"predecessor-version":[{"id":494,"href":"https:\/\/gozo.eus\/es\/wp-json\/wp\/v2\/pages\/120\/revisions\/494"}],"wp:attachment":[{"href":"https:\/\/gozo.eus\/es\/wp-json\/wp\/v2\/media?parent=120"}],"curies":[{"name":"wp","href":"https:\/\/api.w.org\/{rel}","templated":true}]}}