{"id":122,"date":"2021-12-14T16:30:59","date_gmt":"2021-12-14T15:30:59","guid":{"rendered":"https:\/\/gozo.eus\/?page_id=122"},"modified":"2022-09-29T13:48:27","modified_gmt":"2022-09-29T11:48:27","slug":"3er-bloque","status":"publish","type":"page","link":"https:\/\/gozo.eus\/es\/3er-bloque\/","title":{"rendered":"3er bloque"},"content":{"rendered":"05\/10\/2022<\/p>\n<p><strong>Ma\u00f1ana<\/strong><\/p>\n<p>10h-10:30: <strong>Inscripciones y recogida de material<\/strong><\/p>\n<p>10:30h-12:00h: <strong>Herramientas sociales para el control del poder institucional en el \u00e1mbito alimentario\u00a0<\/strong><\/p>\n<ul>\n<li><em>Observatorio de comedores escolares italianos.<\/em> Claudia Paltrinieri, presidenta de <a href=\"https:\/\/www.foodinsider.it\/\">Food insider<\/a><\/li>\n<li><a href=\"https:\/\/observatoridesc.org\/es\"><em>Observatorio<\/em> de Derechos Econ\u00f3micos, Sociales, Culturales y Ambientales<\/a>, Ernest Guti\u00e9rrez y Marta Ribera<\/li>\n<li><a href=\"https:\/\/www.righttofoodandnutrition.org\/es\"><em>Red Mundial por el derecho a la alimentaci\u00f3n<\/em><\/a>. Laura Mich\u00e9le, responsable de nutrici\u00f3n y sistemas alimentarios<\/li>\n<\/ul>\n<p>12.00h-12.30h: <strong>Pausa caf\u00e9<\/strong><\/p>\n<p>12:30-14: <strong>Mesa de reflexi\u00f3n: \u00bfC\u00f3mo podemos transformar nuestra alimentaci\u00f3n escolar desde el propio centro?<\/strong><\/p>\n<ul>\n<li>Amaia Armentia Hinojal, trabajadora del comedor escolar <a href=\"https:\/\/www.cervantesgasteiz.net\/\">CEIP Miguel de Cervantes HLHI\u00a0<\/a>(Gasteiz)<\/li>\n<li>Endika Eibar, miembro de la comisi\u00f3n del comedor <a href=\"https:\/\/sites.google.com\/a\/karmeloikastola.eu\/karmeloberria1\/\">Karmelo Ikastola IPI<\/a> (Bilbao)<\/li>\n<li>Usue Ariz, miembro de la comisi\u00f3n de comedor Mujika Eskola (Bilbao)<\/li>\n<li>Mariasun Barrenetxea, responsable del comedor escolar de <a href=\"https:\/\/allendesalazarlhi.hezkuntza.net\/es\/inicio1\">Allende Salazar HLHI<\/a> (Gernika)<\/li>\n<\/ul>\n<p><strong>Tarde<\/strong><\/p>\n<p>16h-16:30: <strong>Inscripciones y recogida de material<\/strong><\/p>\n<p>16:30h-20h: <b>Comunidad educativa: <em>Transformers<\/em> de la pedagog\u00eda alimentaria<\/b><\/p>\n<ul>\n<li><em>Aula y entorno. <\/em>Escuela P\u00fablica de\u00a0<a href=\"https:\/\/laukariz.hezkuntza.net\/es\/home\">Laukariz LHI<\/a> (Mungia). Yolanda Agirre, exdirectora de la escuela y Oihane Rodr\u00edguez, madre, miembro de la comisi\u00f3n de comedor y productora.<\/li>\n<li><em>Trabajo en red. <\/em>Escuela P\u00fablica <a href=\"https:\/\/murumendilhi.hezkuntza.net\/es\/inicio1\">Murumendi LHI <\/a>(Beasain) junto con <a href=\"https:\/\/biziola.eus\/\">Biziola<\/a>. Arrate Leunda (jefa de estudios de la Escuela P\u00fablica Murumendi), Andoni Mikelarena (Biziola)<\/li>\n<li><em>Compromiso para seguir cumpliendo sue\u00f1os. <\/em>Escuela P\u00fablica de Urdu\u00f1a junto con la AMPA. Enartze Larrakoetxea (Directora Escuela P\u00fablica de Urdu\u00f1a)<\/li>\n<li><em>Alimentando escuelas sostenibles. <\/em>Laura Rivilla (AMPA), Aurora L\u00f3pez (cocinera del comedor escolar) y Rosa Lafuente (Docente y miembro del equipo directivo) de la Escuela P\u00fablica <a href=\"https:\/\/ceipsanjuandelapena.catedu.es\/\">San Juan de la Pe\u00f1a<\/a> (Jaca)<\/li>\n<\/ul>\n<p>Pausa<\/p>\n<ul>\n<li><em>Innovaci\u00f3n educativa desde la infancia m\u00e1s temprana. <\/em>Daniel Zuazagoitia, Universidad del \u00c1rea de Did\u00e1ctica de las Ciencias Experimentales en la <a href=\"https:\/\/www.ehu.eus\/es\/web\/hezkuntza-eta-kirol-fakultatea\/home\">Facultad de Educaci\u00f3n y Deporte de Vitoria-Gasteiz<\/a> (UPV\/EHU).<\/li>\n<li><em>Otras propuestas para unos comedores escolares p\u00fablicos SSE. <\/em>Mitxel Desousa, Unai Duran, Manuel Escudero, Galder Novo, estudiantes de la <a href=\"https:\/\/www.hostelerialeioa.net\/es\/index\">Escuela de Hosteler\u00eda de Leioa<\/a><\/li>\n<li><em>Red educativa por la sostenibilidad alimentaria. <\/em><a href=\"https:\/\/redalimentaccion.org\/\">AlimentAcci\u00f3n. <\/a>Gema Celorio (<a href=\"https:\/\/www.hegoa.ehu.eus\/\">Hegoa-UPV<\/a>), Patricia G\u00f3mez (<a href=\"https:\/\/justiciaalimentaria.org\/\">Justicia Alimentaria<\/a>)<\/li>\n<\/ul>\n<p>20.00h-22.00h: <strong>Lunch<\/strong> amenizado por <em><strong>Ventus Sine Nomine<\/strong> (<\/em>Flauta: Juanje Silguero, Clarinete: Rafa Climent y Fagot: Jordi Ripoll)<\/p>\n<p>&nbsp;","protected":false},"excerpt":{"rendered":"<p>05\/10\/2022 Ma\u00f1ana 10h-10:30: Inscripciones y recogida de material 10:30h-12:00h: Herramientas sociales para el control del poder institucional en el \u00e1mbito alimentario\u00a0 Observatorio de comedores escolares italianos. Claudia Paltrinieri, presidenta de Food insider Observatorio de Derechos Econ\u00f3micos, Sociales, Culturales y Ambientales, Ernest Guti\u00e9rrez y Marta Ribera Red Mundial por el derecho a la alimentaci\u00f3n. Laura Mich\u00e9le, [&hellip;]<\/p>\n","protected":false},"author":2,"featured_media":0,"parent":0,"menu_order":0,"comment_status":"closed","ping_status":"closed","template":"","meta":{"_monsterinsights_skip_tracking":false,"_monsterinsights_sitenote_active":false,"_monsterinsights_sitenote_note":"","_monsterinsights_sitenote_category":0,"footnotes":""},"class_list":["post-122","page","type-page","status-publish","hentry"],"_links":{"self":[{"href":"https:\/\/gozo.eus\/es\/wp-json\/wp\/v2\/pages\/122","targetHints":{"allow":["GET"]}}],"collection":[{"href":"https:\/\/gozo.eus\/es\/wp-json\/wp\/v2\/pages"}],"about":[{"href":"https:\/\/gozo.eus\/es\/wp-json\/wp\/v2\/types\/page"}],"author":[{"embeddable":true,"href":"https:\/\/gozo.eus\/es\/wp-json\/wp\/v2\/users\/2"}],"replies":[{"embeddable":true,"href":"https:\/\/gozo.eus\/es\/wp-json\/wp\/v2\/comments?post=122"}],"version-history":[{"count":86,"href":"https:\/\/gozo.eus\/es\/wp-json\/wp\/v2\/pages\/122\/revisions"}],"predecessor-version":[{"id":507,"href":"https:\/\/gozo.eus\/es\/wp-json\/wp\/v2\/pages\/122\/revisions\/507"}],"wp:attachment":[{"href":"https:\/\/gozo.eus\/es\/wp-json\/wp\/v2\/media?parent=122"}],"curies":[{"name":"wp","href":"https:\/\/api.w.org\/{rel}","templated":true}]}}