{"id":31,"date":"2021-12-01T19:07:50","date_gmt":"2021-12-01T18:07:50","guid":{"rendered":"https:\/\/gozo.eus\/?page_id=31"},"modified":"2021-12-01T19:08:31","modified_gmt":"2021-12-01T18:08:31","slug":"programa-2019","status":"publish","type":"page","link":"https:\/\/gozo.eus\/es\/programa-2019\/","title":{"rendered":"Programa 2019"},"content":{"rendered":"Los d\u00edas 2, 3 y 4 de octubre celebraremos en Bilbao las <strong>I Jornadas Internacionales GOZO<\/strong>, un espacio de debate y reflexi\u00f3n sobre las buenas pr\u00e1cticas que se est\u00e1n llevando a cabo en diferentes puntos de nuestro planeta. En las jornadas, que se celebrar\u00e1n en el Itsasmuseum de Bilbao, conoceremos pol\u00edticas p\u00fablicas, agentes transformadores y experiencias pedag\u00f3gicas que promueven una alimentaci\u00f3n escolar m\u00e1s sana y sostenible.<\/p>\n<p>Conoce y descarga el programa definitivo aqu\u00ed:<\/p>\n<p><a href=\"https:\/\/www.gureplateragureaukera.eus\/wp-content\/uploads\/2019\/10\/PROGRAMA-GOZO.pdf\">GOZO PROGRAMA CAST<\/a><\/p>\n<p><img loading=\"lazy\" decoding=\"async\" class=\"alignleft wp-image-2334 size-full\" src=\"https:\/\/www.gureplateragureaukera.eus\/wp-content\/uploads\/2019\/09\/Irudiak-10.jpg\" alt=\"\" width=\"1503\" height=\"748\" \/>","protected":false},"excerpt":{"rendered":"<p>Los d\u00edas 2, 3 y 4 de octubre celebraremos en Bilbao las I Jornadas Internacionales GOZO, un espacio de debate y reflexi\u00f3n sobre las buenas pr\u00e1cticas que se est\u00e1n llevando a cabo en diferentes puntos de nuestro planeta. En las jornadas, que se celebrar\u00e1n en el Itsasmuseum de Bilbao, conoceremos pol\u00edticas p\u00fablicas, agentes transformadores y [&hellip;]<\/p>\n","protected":false},"author":1,"featured_media":0,"parent":0,"menu_order":0,"comment_status":"closed","ping_status":"closed","template":"","meta":{"_monsterinsights_skip_tracking":false,"_monsterinsights_sitenote_active":false,"_monsterinsights_sitenote_note":"","_monsterinsights_sitenote_category":0,"footnotes":""},"class_list":["post-31","page","type-page","status-publish","hentry"],"_links":{"self":[{"href":"https:\/\/gozo.eus\/es\/wp-json\/wp\/v2\/pages\/31","targetHints":{"allow":["GET"]}}],"collection":[{"href":"https:\/\/gozo.eus\/es\/wp-json\/wp\/v2\/pages"}],"about":[{"href":"https:\/\/gozo.eus\/es\/wp-json\/wp\/v2\/types\/page"}],"author":[{"embeddable":true,"href":"https:\/\/gozo.eus\/es\/wp-json\/wp\/v2\/users\/1"}],"replies":[{"embeddable":true,"href":"https:\/\/gozo.eus\/es\/wp-json\/wp\/v2\/comments?post=31"}],"version-history":[{"count":1,"href":"https:\/\/gozo.eus\/es\/wp-json\/wp\/v2\/pages\/31\/revisions"}],"predecessor-version":[{"id":32,"href":"https:\/\/gozo.eus\/es\/wp-json\/wp\/v2\/pages\/31\/revisions\/32"}],"wp:attachment":[{"href":"https:\/\/gozo.eus\/es\/wp-json\/wp\/v2\/media?parent=31"}],"curies":[{"name":"wp","href":"https:\/\/api.w.org\/{rel}","templated":true}]}}