{"id":34,"date":"2021-12-01T19:09:41","date_gmt":"2021-12-01T18:09:41","guid":{"rendered":"https:\/\/gozo.eus\/?page_id=34"},"modified":"2021-12-01T19:09:41","modified_gmt":"2021-12-01T18:09:41","slug":"gozo-i-informacion-practica","status":"publish","type":"page","link":"https:\/\/gozo.eus\/es\/gozo-i-informacion-practica\/","title":{"rendered":"GOZO I: Informaci\u00f3n pr\u00e1ctica"},"content":{"rendered":"<strong>C\u00d3MO LLEGAR A GOZO<\/strong><\/p>\n<p>Durante los d\u00edas 2, 3 y 4 de octubre celebraremos las I Jornadas Internacionales GOZO en el Itsasmuseum Bilbao, situado en el Muelle Ram\u00f3n de la Sota Kaia, 1. A continuaci\u00f3n os explicamos c\u00f3mo llegar:<\/p>\n<p><strong>Desde el aeropuerto<\/strong><br \/>\nLa manera m\u00e1s sencilla de llegar a <a href=\"https:\/\/www.itsasmuseum.eus\/\">Itsasmuseum Bilbao<\/a> desde el <a href=\"https:\/\/www.aeropuertodebilbao.net\/es\/\">Aeropuerto<\/a> es cogiendo la l\u00ednea A3247 de <a href=\"https:\/\/web.bizkaia.eus\/es\/web\/bizkaibus\">Bizkaibus<\/a>. Recomendamos adquirir una tarjeta BARIK que funciona como tarjeta monedero y puede utilizarse tambi\u00e9n en el tranv\u00eda y en el metro. Hay un establecimiento en Llegadas, cerca del parking, d\u00f3nde se puede comprar y cargar esta tarjeta (en el punto de informaci\u00f3n os dir\u00e1n exactamente d\u00f3nde se encuentra). El billete sencillo cuesta 3\u20ac.<br \/>\nBizkaibus conecta cada 15 minutos la ciudad de Bilbao con el Aeropuerto. La parada m\u00e1s recomendable es Termibus, ya que se encuentra a solo 10 minutos andando del museo. Aqu\u00ed os dejamos los horarios de los autobuses:<br \/>\n<a href=\"https:\/\/www.gureplateragureaukera.eus\/wp-content\/uploads\/2019\/09\/Bizkaibus-Aeropuerto-Bilbao.pdf\">Bizkaibus Aeropuerto Bilbao<\/a><\/p>\n<p><a href=\"https:\/\/www.gureplateragureaukera.eus\/wp-content\/uploads\/2019\/09\/Bizkaibus-Bilbao-Aeropuerto.pdf\">Bizkaibus Bilbao Aeropuerto<\/a><\/p>\n<p><strong>En metro<\/strong><br \/>\nLa parada de <a href=\"https:\/\/www.metrobilbao.eus\/\">metro<\/a> m\u00e1s cercana a Itsasmuseum Bilbao es San Mam\u00e9s, salida Sabino Arana. El museo se encuentra aproximadamente a 5 minutos andando. Para viajar en metro recomendamos utilizar la tarjeta <a href=\"https:\/\/www.metrobilbao.eus\/utilizando-el-metro\/billetes\/barik\">BARIK<\/a> que se puede adquirir en las m\u00e1quinas expendedoras de Metro Bilbao y que funciona como tarjeta monedero. El precio de la tarjeta BARIK es de 3\u20ac y permite viajar hasta un m\u00e1ximo de 10 personas juntas.<\/p>\n<p><strong>En tranv\u00eda<\/strong><br \/>\nSi decides utilizar el <a href=\"https:\/\/www.euskotren.eus\/tranvia\">tranv\u00eda<\/a> para llegar a GOZO, la parada en la que debes bajar es la de Euskalduna. Aunque existe la posibilidad de adquirir un billete sencillo, recomendamos usar la tarjeta BARIK a la que nos refer\u00edamos anteriormente. Consulta aqu\u00ed los <a href=\"https:\/\/www.gureplateragureaukera.eus\/wp-content\/uploads\/2019\/09\/horarios.pdf\">horarios<\/a> y <a href=\"https:\/\/www.gureplateragureaukera.eus\/wp-content\/uploads\/2019\/09\/tarifas.pdf\">tarifas<\/a> del tranv\u00eda de Bilbao.<\/p>\n<p><strong>En coche<\/strong><br \/>\nAunque recomendamos utilizar el transporte p\u00fablico, los parking m\u00e1s cercanos a Itsasmuseum son el del <a href=\"https:\/\/www.euskalduna.eus\/\">Palacio Euskalduna<\/a> y el del <a href=\"https:\/\/www.imq.es\/sites\/Zorrotzaurre\/default\/es_ES\">IMQ Zorrozaurre<\/a>. Tambi\u00e9n se podr\u00e1 optar por buscar aparcamiento en el barrio de Olabeaga o las inmediaciones de San Mam\u00e9s.<\/p>\n<p>M\u00e1s informaci\u00f3n pr\u00e1ctica en <a href=\"https:\/\/www.itsasmuseum.eus\/visita\/informacion-practica\/\">Itsasmuseum Bilbao<\/a><\/p>\n<p>&nbsp;<\/p>\n<p><strong>TXIKIGUNE<\/strong><\/p>\n<p>Las <strong>I Jornadas Internacionales GOZO <\/strong>contar\u00e1n con servicio de txikigune, por lo que podr\u00e9is acudir con vuestras hijas e hijos. Hemos preparado un programa lleno de actividades interesantes para ellas y ellos.\u00a0Habr\u00e1 espacios de juego libre y se realizar\u00e1n actividades como un taller de slime comestible, un juego de rol sobre el comedor y un taller de cocina. para los m\u00e1s peque\u00f1os y peque\u00f1as habr\u00e1 juegos para fomentar la autonom\u00eda y la libertad, materiales para el juego simb\u00f3lico y juegos de madera cooperativos antiguos.<\/p>\n<p><strong>I Jornadas Internacionales GOZO<\/strong>, un espacio de debate y reflexi\u00f3n sobre las buenas pr\u00e1cticas que se est\u00e1n llevando a cabo en diferentes puntos de nuestro planeta. Durante los d\u00edas 2, 3 y 4 de octubre conoceremos pol\u00edticas p\u00fablicas, agentes transformadores y experiencias pedag\u00f3gicas que promueven una alimentaci\u00f3n escolar m\u00e1s sana y sostenible.<\/p>\n<p><img loading=\"lazy\" decoding=\"async\" class=\"alignright wp-image-2368 size-full\" src=\"https:\/\/www.gureplateragureaukera.eus\/wp-content\/uploads\/2019\/09\/txikigune-CAST.jpg\" alt=\"\" width=\"2480\" height=\"3508\" \/><\/p>\n<p>&nbsp;<\/p>\n<p>&nbsp;","protected":false},"excerpt":{"rendered":"<p>C\u00d3MO LLEGAR A GOZO Durante los d\u00edas 2, 3 y 4 de octubre celebraremos las I Jornadas Internacionales GOZO en el Itsasmuseum Bilbao, situado en el Muelle Ram\u00f3n de la Sota Kaia, 1. A continuaci\u00f3n os explicamos c\u00f3mo llegar: Desde el aeropuerto La manera m\u00e1s sencilla de llegar a Itsasmuseum Bilbao desde el Aeropuerto es [&hellip;]<\/p>\n","protected":false},"author":1,"featured_media":0,"parent":0,"menu_order":0,"comment_status":"closed","ping_status":"closed","template":"","meta":{"_monsterinsights_skip_tracking":false,"_monsterinsights_sitenote_active":false,"_monsterinsights_sitenote_note":"","_monsterinsights_sitenote_category":0,"footnotes":""},"class_list":["post-34","page","type-page","status-publish","hentry"],"_links":{"self":[{"href":"https:\/\/gozo.eus\/es\/wp-json\/wp\/v2\/pages\/34","targetHints":{"allow":["GET"]}}],"collection":[{"href":"https:\/\/gozo.eus\/es\/wp-json\/wp\/v2\/pages"}],"about":[{"href":"https:\/\/gozo.eus\/es\/wp-json\/wp\/v2\/types\/page"}],"author":[{"embeddable":true,"href":"https:\/\/gozo.eus\/es\/wp-json\/wp\/v2\/users\/1"}],"replies":[{"embeddable":true,"href":"https:\/\/gozo.eus\/es\/wp-json\/wp\/v2\/comments?post=34"}],"version-history":[{"count":1,"href":"https:\/\/gozo.eus\/es\/wp-json\/wp\/v2\/pages\/34\/revisions"}],"predecessor-version":[{"id":35,"href":"https:\/\/gozo.eus\/es\/wp-json\/wp\/v2\/pages\/34\/revisions\/35"}],"wp:attachment":[{"href":"https:\/\/gozo.eus\/es\/wp-json\/wp\/v2\/media?parent=34"}],"curies":[{"name":"wp","href":"https:\/\/api.w.org\/{rel}","templated":true}]}}