{"id":39,"date":"2021-12-01T19:12:23","date_gmt":"2021-12-01T18:12:23","guid":{"rendered":"https:\/\/gozo.eus\/?page_id=39"},"modified":"2021-12-01T19:12:23","modified_gmt":"2021-12-01T18:12:23","slug":"gozo-i-primer-bloque","status":"publish","type":"page","link":"https:\/\/gozo.eus\/es\/gozo-i-primer-bloque\/","title":{"rendered":"GOZO I: Primer bloque"},"content":{"rendered":"<strong>Paola Trionfi<\/strong><\/p>\n<p>Responsable Restauraci\u00f3n Colectiva AIAB. Licenciada en Biolog\u00eda con especializaci\u00f3n en alimentaci\u00f3n y salud. Desde el 1992, trabaja en diferentes \u00e1reas relacionadas con la agricultura org\u00e1nica y su sostenibilidad. En el contexto del desarrollo de pol\u00edticas p\u00fablicas y de la investigaci\u00f3n, ha trabajado en los \u00faltimos 20 a\u00f1os, como miembro del comit\u00e9 directivo nacional de AIAB (Asociaci\u00f3n Italiana Agricultura Org\u00e1nica) principalmente en el \u00e1mbito de la restauraci\u00f3n colectiva.<br \/>\nPaola desarrolla su labor junto a Alba Pietromarchi la cual pertenece a Fundaci\u00f3n Italiana para la investigaci\u00f3n en agricultura org\u00e1nica y biodin\u00e1mica (FIRAB).<\/p>\n<p><em>T\u00edtulo de la ponencia:<\/em> \u00bfEs posible que las administraciones p\u00fablicas promuevan una alimentaci\u00f3n escolar sana y sostenible?<\/p>\n<p>Se va a centrar la atenci\u00f3n en dos grande pol\u00edticas que cuentan con instrumentaci\u00f3n respectiva y que, por su alcance, se vuelven determinantes a la hora de viabilizar la creaci\u00f3n de pol\u00edticas p\u00fablicas para la alimentaci\u00f3n escolar sana y sostenible a nivel de estados miembros.<\/p>\n<p>M\u00e1s informaci\u00f3n:<br \/>\n<a href=\"http:\/\/www.aiab.it\">www.aiab.it<\/a><br \/>\n<a href=\"http:\/\/www.firab.it\">www.firab.it<\/a><br \/>\nfood service europa <a href=\"http:\/\/www.eating city.org\">www.eating city.org<\/a><\/p>\n<hr \/>\n<p><strong>Francis Gausset<\/strong><\/p>\n<p>Ayuntamiento de Anglet, Direcci\u00f3n de Infancia y Juventud<\/p>\n<p>Presentaci\u00f3n de la gesti\u00f3n actual y preparaci\u00f3n futura de la licitaci\u00f3n para la contrataci\u00f3n p\u00fablica francesa.<\/p>\n<p><em>T\u00edtulo de la ponencia:<\/em> Gesti\u00f3n municipal de comedores escolares en Aquitania<\/p>\n<p>M\u00e1s informaci\u00f3n:<br \/>\n<a href=\"https:\/\/www.anglet.fr\/\">https:\/\/www.anglet.fr\/<\/a><\/p>\n<hr \/>\n<p><strong>Margarita Hern\u00e1ndez<\/strong><\/p>\n<p>Miembro del Instituto Canario de Calidad Agroalimentaria (ICCA) y del programa Ecocomedores. Desde septiembre de 2014 coordina las acciones de fomento y promoci\u00f3n de la producci\u00f3n ecol\u00f3gica y, en particular, el programa Ecocomedores de Canarias.<\/p>\n<p><em>T\u00edtulo de la ponencia:<\/em> Ecocomedores del Gobierno de Canarias<\/p>\n<p>El programa de Ecocomedores de Canarias pretende vincular de forma organizada en la Comunidad Aut\u00f3noma de Canarias, la producci\u00f3n ecol\u00f3gica con el consumo de productos ecol\u00f3gicos en centros de inter\u00e9s general.<br \/>\nEl eje articulador del Programa es la incorporaci\u00f3n de alimentos ecol\u00f3gicos, locales o de proximidad y de temporada en centros educativos, socio-sanitarios y de restauraci\u00f3n colectiva.<\/p>\n<p>M\u00e1s informaci\u00f3n:<\/p>\n<blockquote class=\"wp-embedded-content\" data-secret=\"VAkX3ZW1NC\"><p><a href=\"https:\/\/www.ecocomedoresdecanarias.com\/\">Home<\/a><\/p><\/blockquote>\n<p><iframe loading=\"lazy\" class=\"wp-embedded-content\" sandbox=\"allow-scripts\" security=\"restricted\" style=\"position: absolute; clip: rect(1px, 1px, 1px, 1px);\" title=\"\u00abHome\u00bb \u2014 Ecocomedores\" src=\"https:\/\/www.ecocomedoresdecanarias.com\/embed\/#?secret=VAkX3ZW1NC\" data-secret=\"VAkX3ZW1NC\" width=\"600\" height=\"338\" frameborder=\"0\" marginwidth=\"0\" marginheight=\"0\" scrolling=\"no\"><\/iframe><br \/>\nicca.cagpa@gobiernodecanarias.org<\/p>\n<hr \/>\n<p><strong>Joan Quiles<\/strong><br \/>\nJefe de la Secci\u00f3n de Educaci\u00f3n para la Salud Direcci\u00f3 General de Salut P\u00fablica. Conselleria de Sanitat Universal i Salut P\u00fablica. Generalitat Valenciana. Desde 2010<\/p>\n<p><em>T\u00edtulo de la ponencia:<\/em> Normativa para fomentar una alimentaci\u00f3n sana y sostenible<\/p>\n<p>M\u00e1s informaci\u00f3n:<br \/>\n<a href=\"https:\/\/bit.ly\/2nbrNTo\">https:\/\/bit.ly\/2nbrNTo<\/a><\/p>\n<hr \/>\n<hr \/>\n<p><strong>Oralia Robles<\/strong><\/p>\n<p>Especialista en educaci\u00f3n, desempe\u00f1a el cargo de Coordinadora de Proyectos Educativos en la Gerencia de Alimentaci\u00f3n y Salud Escolar del Ministerio de Educaci\u00f3n, Ciencia y Tecnolog\u00eda\/MINEDUCYT, El Salvador.<\/p>\n<p><em>T\u00edtulo de la ponencia:<\/em> Programa de Alimentaci\u00f3n y Salud Escolar\/ El Salvador<\/p>\n<p>Programa de Alimentaci\u00f3n y Salud Escolar, que contribuye a propiciar en la ni\u00f1ez y adolescencia del sistema p\u00fablico, mejores condiciones de aprendizaje, mediante la alimentaci\u00f3n y la educaci\u00f3n en mejores h\u00e1bitos de alimentaci\u00f3n y nutrici\u00f3n; buscando favorecer su proceso de aprendizaje; e incentivar la asistencia y permanencia en la escuela.<\/p>\n<p>M\u00e1s informaci\u00f3n:<\/p>\n<p><a href=\"https:\/\/www.mined.gob.sv\">https:\/\/www.mined.gob.sv<\/a><br \/>\n<a href=\"https:\/\/issuu.com\/fao_sv\/docs\/documento_manual_para_docentes_ean_\">https:\/\/issuu.com\/fao_sv\/docs\/documento_manual_para_docentes_ean_<\/a><br \/>\n<a href=\"https:\/\/www.mined.gob.sv\/descarga\/GUIA.pdf\">https:\/\/www.mined.gob.sv\/descarga\/GUIA.pdf<\/a><br \/>\n<a href=\"https:\/\/issuu.com\/fao_sv\/docs\/sistematizacionfao_\">https:\/\/issuu.com\/fao_sv\/docs\/sistematizacionfao_<\/a><br \/>\n<a href=\"http:\/\/www.fao.org\/3\/am279s\/am279s00.pdf\">http:\/\/www.fao.org\/3\/am279s\/am279s00.pdf<\/a><br \/>\n<a href=\"https:\/\/www.transparenciaactiva.gob.sv\/mined-asume-total-ejecucion-del-programa-de-alimentacion-escolar\/\">https:\/\/www.transparenciaactiva.gob.sv\/mined-asume-total-ejecucion-del-programa-de-alimentacion-escolar\/<\/a><br \/>\n<a href=\"https:\/\/plataformacelac.org\/programa\/132\">https:\/\/plataformacelac.org\/programa\/132<\/a><br \/>\n<a href=\"https:\/\/www.salud.gob.sv\/27-06-2017-gobierno-presenta-normativa-de-regulacion-de-tiendas-y-cafetines-escolares-saludables\/\">https:\/\/www.salud.gob.sv\/27-06-2017-gobierno-presenta-normativa-de-regulacion-de-tiendas-y-cafetines-escolares-saludables\/<\/a><br \/>\n<a href=\"http:\/\/asp.salud.gob.sv\/p_esc_saludable.asp\">http:\/\/asp.salud.gob.sv\/p_esc_saludable.asp<\/a><br \/>\n<a href=\"https:\/\/www.google.com\/search?q=gui\">https:\/\/www.google.com\/search?q=gui<\/a><br \/>\n<a href=\"http:\/\/www.fao.org\">http:\/\/www.fao.org<\/a><\/p>\n<hr \/>\n<p><strong>Robin Gourlay<\/strong><\/p>\n<p>Ex director ejecutivo del gobierno local y asesor del Gobierno escoc\u00e9s en pol\u00edticas alimentarias del sector p\u00fablico.<\/p>\n<p><em>T\u00edtulo de la ponencia:<\/em> La experiencia escocesa-La alimentaci\u00f3n escolar es un pilar fundamental de las pol\u00edticas alimentarias<\/p>\n<p>Robin Gourlay tiene 40 a\u00f1os de experiencia en catering, servicios alimentarias y gestion de hotels a trav\u00e9s de una trayectoria que abarca hoteles, universidades, institutos, gobierno local y nacional. Como Jefe de servicio del consejo de East Ayrshire fue responsable de las altamente consideradas reformas en alimentaci\u00f3n reconocidas por Naciones Unidades y la Uni\u00f3n Europea como ejemplos de buenas pr\u00e1cticas. Previamente, dise\u00f1\u00f3 y gestion\u00f3 el contrato de catering del consejo regional de Strathclyde, garantizando a 1.800 escuelas un servicio social sano y educativo por encima de intereses comerciales.<br \/>\nDesde 2010, como asesor del Gobierno escoc\u00e9s, ha trabajado con organizaciones de compras, empresas de servicio alimentario, industria alimentaria, organizaciones civiles y el sector p\u00fablico alimentario conseguido que la alimentaci\u00f3n sostenible sea una de las prioridades de Escocia. Ha creado gu\u00edas sobre suministro, catering y aprovisionamiento tanto para el sector p\u00fablico como para la industria, fue miembro del Scottish Food and Drink Leadership Group en 2009, que cre\u00f3 la primera pol\u00edtica alimentaria nacional y en 2015 particip\u00f3 en Scottish Food Commission, que conform\u00f3 la pol\u00edtica escocesa &#8216;Becoming a Good Food Nation&#8217;. Fue galardonado con un t\u00edtulo honor\u00edfico en la Queen\u2019s Honours List en 2019.<\/p>\n<p>M\u00e1s informaci\u00f3n:<br \/>\nHungry for Success \u2013 Report of the Expert Panel,2003<\/p>\n<p><a href=\"https:\/\/bit.ly\/2nQiAAt\">https:\/\/bit.ly\/2nQiAAt<\/a><\/p>\n<p>Benchmarking Tool for Caterers and Schools<br \/>\n<a href=\"https:\/\/education.gov.scot\/Documents\/HungryForSuccess.pdf\">https:\/\/education.gov.scot\/Documents\/HungryForSuccess.pdf<\/a><br \/>\nAn evaluation of the implementation of Hungry for Success 2008 https:\/\/core.ac.uk\/download\/pdf\/4156592.pdf<br \/>\nSchools (Health Promotion and Nutrition) Act, 2007<br \/>\n<a href=\"http:\/\/www.gov.scot\/Publications\/2008\/05\/08160456\/0\">http:\/\/www.gov.scot\/Publications\/2008\/05\/08160456\/0<\/a><br \/>\n<a href=\"http:\/\/www.gov.scot\/Publications\/2008\/09\/12090355\/0\">http:\/\/www.gov.scot\/Publications\/2008\/09\/12090355\/0<\/a><\/p>\n<p>Catering for Change \u2013 buying food sustainably in the public sector<br \/>\n<a href=\"https:\/\/www.gov.scot\/publications\/catering-change-buying-food-sustainably-public-sector\/\">https:\/\/www.gov.scot\/publications\/catering-change-buying-food-sustainably-public-sector\/<\/a><br \/>\nBetter Eating, Better Learning- a new context for school food, 2014.<br \/>\n<a href=\"http:\/\/www.gov.scot\/Publications\/2014\/03\/1606\">http:\/\/www.gov.scot\/Publications\/2014\/03\/1606<\/a><\/p>\n<p>Recipe for Success &#8211; Scotland\u2019s National Food and Drink Policy, 2009<br \/>\n<a href=\"https:\/\/www.gov.scot\/publications\/recipe-success-scotlands-national-food-drink-policy\/\">https:\/\/www.gov.scot\/publications\/recipe-success-scotlands-national-food-drink-policy\/<\/a><br \/>\nBecoming a Good Food Nation, 2016<br \/>\n<a href=\"https:\/\/www.gov.scot\/publications\/recipe-success-scotlands-national-food-drink-policy-becoming-good-food\/\">https:\/\/www.gov.scot\/publications\/recipe-success-scotlands-national-food-drink-policy-becoming-good-food\/<\/a><\/p>\n<p>Consultation on Good Food Nation &#8211; Proposals for Legislation, 2019<br \/>\n<a href=\"https:\/\/consult.gov.scot\/food-and-drink\/good-food-nation\/\">https:\/\/consult.gov.scot\/food-and-drink\/good-food-nation\/<\/a>","protected":false},"excerpt":{"rendered":"<p>Paola Trionfi Responsable Restauraci\u00f3n Colectiva AIAB. Licenciada en Biolog\u00eda con especializaci\u00f3n en alimentaci\u00f3n y salud. Desde el 1992, trabaja en diferentes \u00e1reas relacionadas con la agricultura org\u00e1nica y su sostenibilidad. En el contexto del desarrollo de pol\u00edticas p\u00fablicas y de la investigaci\u00f3n, ha trabajado en los \u00faltimos 20 a\u00f1os, como miembro del comit\u00e9 directivo nacional [&hellip;]<\/p>\n","protected":false},"author":1,"featured_media":0,"parent":0,"menu_order":0,"comment_status":"closed","ping_status":"closed","template":"","meta":{"_monsterinsights_skip_tracking":false,"_monsterinsights_sitenote_active":false,"_monsterinsights_sitenote_note":"","_monsterinsights_sitenote_category":0,"footnotes":""},"class_list":["post-39","page","type-page","status-publish","hentry"],"_links":{"self":[{"href":"https:\/\/gozo.eus\/es\/wp-json\/wp\/v2\/pages\/39","targetHints":{"allow":["GET"]}}],"collection":[{"href":"https:\/\/gozo.eus\/es\/wp-json\/wp\/v2\/pages"}],"about":[{"href":"https:\/\/gozo.eus\/es\/wp-json\/wp\/v2\/types\/page"}],"author":[{"embeddable":true,"href":"https:\/\/gozo.eus\/es\/wp-json\/wp\/v2\/users\/1"}],"replies":[{"embeddable":true,"href":"https:\/\/gozo.eus\/es\/wp-json\/wp\/v2\/comments?post=39"}],"version-history":[{"count":1,"href":"https:\/\/gozo.eus\/es\/wp-json\/wp\/v2\/pages\/39\/revisions"}],"predecessor-version":[{"id":40,"href":"https:\/\/gozo.eus\/es\/wp-json\/wp\/v2\/pages\/39\/revisions\/40"}],"wp:attachment":[{"href":"https:\/\/gozo.eus\/es\/wp-json\/wp\/v2\/media?parent=39"}],"curies":[{"name":"wp","href":"https:\/\/api.w.org\/{rel}","templated":true}]}}