{"id":46,"date":"2021-12-01T19:15:02","date_gmt":"2021-12-01T18:15:02","guid":{"rendered":"https:\/\/gozo.eus\/?page_id=46"},"modified":"2021-12-01T19:15:02","modified_gmt":"2021-12-01T18:15:02","slug":"gozo-i-bloque-3","status":"publish","type":"page","link":"https:\/\/gozo.eus\/es\/gozo-i-bloque-3\/","title":{"rendered":"GOZO I: Bloque 3"},"content":{"rendered":"<strong>Gema Celorio<\/strong><\/p>\n<p><em>T\u00edtulo de la ponencia:<\/em> Tertulia dial\u00f3gica sobre algunas bases y orientaciones pedag\u00f3gicas para la transici\u00f3n alimentaria<\/p>\n<p>M\u00e1s informaci\u00f3n:<br \/>\n<a href=\"http:\/\/www.hegoa.ehu.es\/\">http:\/\/www.hegoa.ehu.es\/<\/a><\/p>\n<hr \/>\n<p><strong>Germ\u00e1n Llerena<\/strong><\/p>\n<p>\u00c1rea de Sostenibilidad del Ayuntamiento de Sant Cugat<\/p>\n<p><em>T\u00edtulo de la ponencia:<\/em> Tertulia dial\u00f3gica sobre algunas bases y orientaciones pedag\u00f3gicas para la transici\u00f3n alimentaria<\/p>\n<p>M\u00e1s informaci\u00f3n:<br \/>\n<a href=\"https:\/\/www.santcugat.cat\/\">https:\/\/www.santcugat.cat\/<\/a><\/p>\n<hr \/>\n<p><strong>Mariona Espinet<\/strong><\/p>\n<p>Departamento Did\u00e1ctica de las Matem\u00e1ticas y las Ciencias Experimentales de la Universidad Aut\u00f3noma de Barcelona<\/p>\n<p><em>T\u00edtulo de la ponencia:<\/em> Tertulia dial\u00f3gica sobre algunas bases y orientaciones pedag\u00f3gicas para la transici\u00f3n alimentaria<\/p>\n<p>M\u00e1s informaci\u00f3n:<br \/>\n<a href=\"https:\/\/www.uab.cat\/web\/departament-de-didactica-de-la-matematica-i-de-les-ciencies-experimentals-1244458467047.html\">https:\/\/www.uab.cat\/web\/departament-de-didactica-de-la-matematica-i-de-les-ciencies-experimentals-1244458467047.html<\/a><\/p>\n<hr \/>\n<p><strong>Alfredo Hoyuelos<\/strong><\/p>\n<p>Gerente de las Escuelas Infantiles Municipales de Pamplona. Doctor europeo en Filosof\u00eda y Ciencias de la Educaci\u00f3n. Ha sido Coordinador de talleres de Expresi\u00f3n de las Escuelas Infantiles Municipales de Pamplona y profesor asociado de la Universidad P\u00fablica de Navarra.<\/p>\n<p><em>T\u00edtulo de la ponencia<\/em>: Hemengoak-de aqu\u00ed. Un proyecto de ambici\u00f3n cultural, social, econ\u00f3mica, pol\u00edtica, nutricional y educativa en las Escuelas Infantiles Municipales de Pamplona<\/p>\n<p>El proyecto Hemengoak nace con la idea de ofrecer, en la alimentaci\u00f3n de todas las escuelas infantiles municipales de Pamplona, productos de calidad sostenibles, ecol\u00f3gicos, frescos, de temporada, de proximidad, y directamente adquiridos a los productores y productoras mediante un proceso de compra p\u00fablica, que tambi\u00e9n consolide y estructure las condiciones econ\u00f3micas de la producci\u00f3n navarra.<\/p>\n<p>M\u00e1s informaci\u00f3n:<br \/>\n<a href=\"https:\/\/www.pamplona.es\/escuelasinfantiles\/\">https:\/\/www.pamplona.es\/escuelasinfantiles\/<\/a><\/p>\n<hr \/>\n<hr \/>\n<p><strong>Pilar Garc\u00eda<\/strong><\/p>\n<p>Coordinadora proyecto pedag\u00f3gico \u201cNo me bajo de las nubes\u201d (Madrid)<br \/>\nMaestra y pedagoga de formaci\u00f3n, con treinta a\u00f1os de trabajo en las escuelas infantiles p\u00fablicas, y Asesora T\u00e9cnica para la Red de Escuelas Infantiles con la anterior corporaci\u00f3n municipal.<\/p>\n<p><em>T\u00edtulo de la ponencia:<\/em> Proceso de trasnsformaci\u00f3n hacia una alimentaci\u00f3n saludable, sostenible y ecol\u00f3gica en las escuelas infantiles del Ayuntamiento de Madrid.<\/p>\n<p>Proceso construido y vivido por las Escuelas Infantiles del Ayuntamiento de Madrid para ofrecer una alimentaci\u00f3n saludable, sostenible y con la incorporaci\u00f3n de alimentos ecol\u00f3gicos en todas las escuelas infantiles municipales.<\/p>\n<p>M\u00e1s informaci\u00f3n:<br \/>\n<a href=\"https:\/\/nomebajodelasnubes.wordpress.com\/\">https:\/\/nomebajodelasnubes.wordpress.com\/<\/a><\/p>\n<hr \/>\n<p><strong>Jos\u00e9 Gonzalez<\/strong><\/p>\n<p>Responsable de Paidos-Fundesplai, Catalu\u00f1a<\/p>\n<p><em>T\u00edtulo de la ponencia:<\/em> C\u00f3mo desarrollar la autonom\u00eda del alumnado en el comedor escolar<\/p>\n<p>M\u00e1s informaci\u00f3n:<br \/>\n<a href=\"https:\/\/www.paidos.cat\/\">https:\/\/www.paidos.cat\/<\/a><\/p>\n<hr \/>\n<p><strong>Sandra Yesenia Aguilera de Guirola<\/strong><\/p>\n<p>Sandra Yesenia Aguilera de Guirola es profesora de educaci\u00f3n Parvularia con dos especializaciones, una en lenguaje infantil y la otra en educaci\u00f3n inicial y Parvularia y derechos de la ni\u00f1ez con 18 a\u00f1os de experiencia.<\/p>\n<p><em>T\u00edtulo de la ponencia:<\/em> Modelo de escuela sostenible en El Salvador<\/p>\n<p>El modelo de \u00e9xito, de escuela sostenible en El Salvador es un compromiso por parte del gobierno central, para que el d\u00eda a d\u00eda mejore el estado nutricional de todos los ni\u00f1os, ni\u00f1as y j\u00f3venes de los Centros Educativos beneficiados. Esta experiencia ofrece mejores condiciones de aprendizaje y asistencia permanente de los estudiantes (desarrollando diferentes \u00e1reas estrat\u00e9gicas como educaci\u00f3n, salud, agricultura, desarrollo social), garantizando de esta manera una alimentaci\u00f3n sana y adecuada.<\/p>\n<p>M\u00e1s informaci\u00f3n:<br \/>\n<a href=\"https:\/\/www.youtube.com\/watch?v=LoAdjnfTrAA\">https:\/\/www.youtube.com\/watch?v=LoAdjnfTrAA<\/a><\/p>\n<p><a href=\"https:\/\/plataformacelac.org\/programa\/132\">https:\/\/plataformacelac.org\/programa\/132<\/a><\/p>\n<p><a href=\"https:\/\/bit.ly\/2nK2CHL\">https:\/\/bit.ly\/2nK2CHL<\/a><\/p>\n<hr \/>\n<hr \/>\n<p><strong>Julene Urrutikoetxea e Igor Agote<\/strong><\/p>\n<p>Profesorado de la Escuela Agraria de Derio y FP Industrias Alimentarias Lea Artibai<\/p>\n<p>T\u00edtulo de la ponencia: Experiencias de econom\u00eda circular en alimentaci\u00f3n en centros de FP<\/p>\n<p>M\u00e1s informaci\u00f3n:<br \/>\n<a href=\"http:\/\/www.nekaderio.hezkuntza.net\/web\/guest\">http:\/\/www.nekaderio.hezkuntza.net\/web\/guest<\/a><br \/>\n<a href=\"http:\/\/www.leartik.eus\/index.php?Idioma=ES&amp;Skz=142\">http:\/\/www.leartik.eus\/index.php?Idioma=ES&amp;Skz=142<\/a><\/p>\n<hr \/>\n<p><strong>Sonia Resina<\/strong><\/p>\n<p>Departamento de Producci\u00f3n Agropecuaria del IES Giola<\/p>\n<p>T\u00edtulo de la ponencia: Empoderamiento de futuras campesinas y campesinos en el ciclo de grado medio de agropecuaria<\/p>\n<p>M\u00e1s informaci\u00f3n:<br \/>\n<a href=\"https:\/\/agora.xtec.cat\/institutgiola\/\">https:\/\/agora.xtec.cat\/institutgiola\/<\/a>","protected":false},"excerpt":{"rendered":"<p>Gema Celorio T\u00edtulo de la ponencia: Tertulia dial\u00f3gica sobre algunas bases y orientaciones pedag\u00f3gicas para la transici\u00f3n alimentaria M\u00e1s informaci\u00f3n: http:\/\/www.hegoa.ehu.es\/ Germ\u00e1n Llerena \u00c1rea de Sostenibilidad del Ayuntamiento de Sant Cugat T\u00edtulo de la ponencia: Tertulia dial\u00f3gica sobre algunas bases y orientaciones pedag\u00f3gicas para la transici\u00f3n alimentaria M\u00e1s informaci\u00f3n: https:\/\/www.santcugat.cat\/ Mariona Espinet Departamento Did\u00e1ctica de [&hellip;]<\/p>\n","protected":false},"author":1,"featured_media":0,"parent":0,"menu_order":0,"comment_status":"closed","ping_status":"closed","template":"","meta":{"_monsterinsights_skip_tracking":false,"_monsterinsights_sitenote_active":false,"_monsterinsights_sitenote_note":"","_monsterinsights_sitenote_category":0,"footnotes":""},"class_list":["post-46","page","type-page","status-publish","hentry"],"_links":{"self":[{"href":"https:\/\/gozo.eus\/es\/wp-json\/wp\/v2\/pages\/46","targetHints":{"allow":["GET"]}}],"collection":[{"href":"https:\/\/gozo.eus\/es\/wp-json\/wp\/v2\/pages"}],"about":[{"href":"https:\/\/gozo.eus\/es\/wp-json\/wp\/v2\/types\/page"}],"author":[{"embeddable":true,"href":"https:\/\/gozo.eus\/es\/wp-json\/wp\/v2\/users\/1"}],"replies":[{"embeddable":true,"href":"https:\/\/gozo.eus\/es\/wp-json\/wp\/v2\/comments?post=46"}],"version-history":[{"count":1,"href":"https:\/\/gozo.eus\/es\/wp-json\/wp\/v2\/pages\/46\/revisions"}],"predecessor-version":[{"id":47,"href":"https:\/\/gozo.eus\/es\/wp-json\/wp\/v2\/pages\/46\/revisions\/47"}],"wp:attachment":[{"href":"https:\/\/gozo.eus\/es\/wp-json\/wp\/v2\/media?parent=46"}],"curies":[{"name":"wp","href":"https:\/\/api.w.org\/{rel}","templated":true}]}}