{"id":52,"date":"2021-12-01T19:22:41","date_gmt":"2021-12-01T18:22:41","guid":{"rendered":"https:\/\/gozo.eus\/?page_id=52"},"modified":"2021-12-20T09:22:40","modified_gmt":"2021-12-20T08:22:40","slug":"informacion-practica","status":"publish","type":"page","link":"https:\/\/gozo.eus\/es\/informacion-practica\/","title":{"rendered":"Informaci\u00f3n pr\u00e1ctica"},"content":{"rendered":"En este apartado encontrar\u00e1s toda la informaci\u00f3n necesaria para organizar tu asistencia a GOZO II.<\/p>\n<ul>\n<li>\u00bfNo sabes c\u00f3mo llegar a Bizkaia Aretoa? \u00a1Hay un mont\u00f3n de opciones, nosotras te ayudamos! Haz click <strong><a href=\"https:\/\/gozo.eus\/es\/como-llegar\/\">aqu\u00ed<\/a>.<\/strong><\/li>\n<li>Los ni\u00f1os y las ni\u00f1as tambi\u00e9n pueden venir a GOZO. Como en la edici\u00f3n anterior, vamos a tener servicio de txikigune. Consulta toda la informaci\u00f3n y el programa <strong><a href=\"https:\/\/gozo.eus\/es\/txikigune\/\">aqu\u00ed<\/a>.<\/strong><\/li>\n<li>\u00bfCu\u00e1les son las<strong> <a href=\"https:\/\/gozo.eus\/es\/covid19\/\">medidas anti COVID-19<\/a><\/strong> que vamos a implantar en GOZO II?<\/li>\n<li>Si necesitas certificado de asistencia, tienes toda la informaci\u00f3n <strong><a href=\"https:\/\/gozo.eus\/es\/certificado-de-asistencia\/\">aqu\u00ed<\/a>.<\/strong><\/li>\n<\/ul>\n<p>&nbsp;","protected":false},"excerpt":{"rendered":"<p>En este apartado encontrar\u00e1s toda la informaci\u00f3n necesaria para organizar tu asistencia a GOZO II. \u00bfNo sabes c\u00f3mo llegar a Bizkaia Aretoa? \u00a1Hay un mont\u00f3n de opciones, nosotras te ayudamos! Haz click aqu\u00ed. Los ni\u00f1os y las ni\u00f1as tambi\u00e9n pueden venir a GOZO. Como en la edici\u00f3n anterior, vamos a tener servicio de txikigune. Consulta [&hellip;]<\/p>\n","protected":false},"author":1,"featured_media":0,"parent":0,"menu_order":0,"comment_status":"closed","ping_status":"closed","template":"","meta":{"_monsterinsights_skip_tracking":false,"_monsterinsights_sitenote_active":false,"_monsterinsights_sitenote_note":"","_monsterinsights_sitenote_category":0,"footnotes":""},"class_list":["post-52","page","type-page","status-publish","hentry"],"_links":{"self":[{"href":"https:\/\/gozo.eus\/es\/wp-json\/wp\/v2\/pages\/52","targetHints":{"allow":["GET"]}}],"collection":[{"href":"https:\/\/gozo.eus\/es\/wp-json\/wp\/v2\/pages"}],"about":[{"href":"https:\/\/gozo.eus\/es\/wp-json\/wp\/v2\/types\/page"}],"author":[{"embeddable":true,"href":"https:\/\/gozo.eus\/es\/wp-json\/wp\/v2\/users\/1"}],"replies":[{"embeddable":true,"href":"https:\/\/gozo.eus\/es\/wp-json\/wp\/v2\/comments?post=52"}],"version-history":[{"count":8,"href":"https:\/\/gozo.eus\/es\/wp-json\/wp\/v2\/pages\/52\/revisions"}],"predecessor-version":[{"id":188,"href":"https:\/\/gozo.eus\/es\/wp-json\/wp\/v2\/pages\/52\/revisions\/188"}],"wp:attachment":[{"href":"https:\/\/gozo.eus\/es\/wp-json\/wp\/v2\/media?parent=52"}],"curies":[{"name":"wp","href":"https:\/\/api.w.org\/{rel}","templated":true}]}}