{"id":99,"date":"2021-12-10T14:08:06","date_gmt":"2021-12-10T13:08:06","guid":{"rendered":"https:\/\/gozo.eus\/?page_id=99"},"modified":"2022-10-04T18:20:31","modified_gmt":"2022-10-04T16:20:31","slug":"certificado-de-asistencia","status":"publish","type":"page","link":"https:\/\/gozo.eus\/es\/certificado-de-asistencia\/","title":{"rendered":"Certificado de asistencia"},"content":{"rendered":"<strong>CERTIFICADO DE ASISTENCIA AL EVENTO<\/strong><\/p>\n<p>Si necesitas un certificado de asistencia al evento env\u00eda una solicitud a la organizaci\u00f3n de GOZO (<a href=\"mailto:info@gozo.eus\"><strong>info@gozo.eus<\/strong><\/a>), indicando tu nombre completo (el mismo que utilizaste para la inscripci\u00f3n).<\/p>\n<p>Los certificados solo se emitir\u00e1n una vez finalizado el evento; a partir del 06\/10\/2022.","protected":false},"excerpt":{"rendered":"<p>CERTIFICADO DE ASISTENCIA AL EVENTO Si necesitas un certificado de asistencia al evento env\u00eda una solicitud a la organizaci\u00f3n de GOZO (info@gozo.eus), indicando tu nombre completo (el mismo que utilizaste para la inscripci\u00f3n). Los certificados solo se emitir\u00e1n una vez finalizado el evento; a partir del 06\/10\/2022.<\/p>\n","protected":false},"author":2,"featured_media":0,"parent":0,"menu_order":0,"comment_status":"closed","ping_status":"closed","template":"","meta":{"_monsterinsights_skip_tracking":false,"_monsterinsights_sitenote_active":false,"_monsterinsights_sitenote_note":"","_monsterinsights_sitenote_category":0,"footnotes":""},"class_list":["post-99","page","type-page","status-publish","hentry"],"_links":{"self":[{"href":"https:\/\/gozo.eus\/es\/wp-json\/wp\/v2\/pages\/99","targetHints":{"allow":["GET"]}}],"collection":[{"href":"https:\/\/gozo.eus\/es\/wp-json\/wp\/v2\/pages"}],"about":[{"href":"https:\/\/gozo.eus\/es\/wp-json\/wp\/v2\/types\/page"}],"author":[{"embeddable":true,"href":"https:\/\/gozo.eus\/es\/wp-json\/wp\/v2\/users\/2"}],"replies":[{"embeddable":true,"href":"https:\/\/gozo.eus\/es\/wp-json\/wp\/v2\/comments?post=99"}],"version-history":[{"count":7,"href":"https:\/\/gozo.eus\/es\/wp-json\/wp\/v2\/pages\/99\/revisions"}],"predecessor-version":[{"id":548,"href":"https:\/\/gozo.eus\/es\/wp-json\/wp\/v2\/pages\/99\/revisions\/548"}],"wp:attachment":[{"href":"https:\/\/gozo.eus\/es\/wp-json\/wp\/v2\/media?parent=99"}],"curies":[{"name":"wp","href":"https:\/\/api.w.org\/{rel}","templated":true}]}}