{"id":118,"date":"2021-12-14T16:30:26","date_gmt":"2021-12-14T15:30:26","guid":{"rendered":"https:\/\/gozo.eus\/?page_id=118"},"modified":"2022-09-28T12:05:00","modified_gmt":"2022-09-28T10:05:00","slug":"1er-bloque","status":"publish","type":"page","link":"https:\/\/gozo.eus\/eu\/1er-bloque\/","title":{"rendered":"1. atala"},"content":{"rendered":"2022\/10\/03<\/p>\n<p>15:30h-16h: <strong>Izen ematea eta materiala jasotzea<\/strong><\/p>\n<p>16h-17h: <strong>Irekiera ekitaldia Jon Maia Soriaren eskutik<\/strong><\/p>\n<ul>\n<li>Ester Comas, <a href=\"https:\/\/justiciaalimentaria.org\/\">Bidezko Elikadura<\/a>ko presidentea<\/li>\n<li>Arkaitz Aburto, <a href=\"http:\/\/www.ehige.eus\">EHIGE<\/a>ko presidentea<\/li>\n<li>Ane Urkiola, <a href=\"https:\/\/www.euskadi.eus\/eusko-jaurlaritza\/hezkuntza-saila\/\">Eusko Jaurlaritzako Hezkuntza Saila<\/a><\/li>\n<\/ul>\n<p>17h-18.15h:<strong>\u00a0Erakunde publikoak elikadura osasungarri eta iraunkorraren eragile gisa<\/strong><\/p>\n<ul>\n<li><em>Gasteizko udal haur-eskolen sareko jantoki ekologikoak<\/em>. Mar\u00eda Breda Ulibarri, Lehen Haurtzarorako Hezkuntza Ataleko arduraduna (<a href=\"https:\/\/www.vitoria-gasteiz.org\/we001\/was\/we001Action.do?lang=eu&amp;locale=eu&amp;idioma=eu&amp;accion=home&amp;accionWe001=ficha\">Gasteizko Udala<\/a>)<\/li>\n<li><em>Elikagaien publizitatea arautzen duen Portugalgo Legea<\/em>. Sof\u00eda Mendes, O Centro de Estudos e Investiga\u00e7\u00e3o em Din\u00e2micas Sociais e Sa\u00fade\u00a0(<a href=\"https:\/\/www.ceidss.com\/\">CEIDSS<\/a>&#8211; Portugal)<\/li>\n<\/ul>\n<p>18.15h-18.45h:<strong> Kafea<\/strong><\/p>\n<p>18.45h-20h:<strong> Erakunde publikoak elikadura osasungarri eta iraunkorraren eragile gisa II<\/strong><\/p>\n<ul>\n<li><em>Valentziako Elikadura Kontseilua: tokiko nekazaritzako elikagaien sistema jasangarriagoa, osasungarriagoa eta bidezkoagoa sustatzea.<\/em> Alejandro Ram\u00f3n \u00c1lvarez, Valentziako <a href=\"https:\/\/consellalimentari.org\/es\/\">Consell Alimentari Municipal<\/a>aren ordezkaria eta batzordekidea. (Valentziako Udala)<\/li>\n<li><em>Elikagaien kontratazio publikoa Brasilgo eskola-jantokiak eraldatzeko tresna gisa.<\/em> Luana Swenson, <a href=\"https:\/\/www.fao.org\/home\/es\">FAO<\/a>ko kontratazio publiko iraunkorrerako politikan eta legerian aditua<\/li>\n<\/ul>","protected":false},"excerpt":{"rendered":"<p>2022\/10\/03 15:30h-16h: Izen ematea eta materiala jasotzea 16h-17h: Irekiera ekitaldia Jon Maia Soriaren eskutik Ester Comas, Bidezko Elikadurako presidentea Arkaitz Aburto, EHIGEko presidentea Ane Urkiola, Eusko Jaurlaritzako Hezkuntza Saila 17h-18.15h:\u00a0Erakunde publikoak elikadura osasungarri eta iraunkorraren eragile gisa Gasteizko udal haur-eskolen sareko jantoki ekologikoak. Mar\u00eda Breda Ulibarri, Lehen Haurtzarorako Hezkuntza Ataleko arduraduna (Gasteizko Udala) Elikagaien publizitatea [&hellip;]<\/p>\n","protected":false},"author":2,"featured_media":0,"parent":0,"menu_order":0,"comment_status":"closed","ping_status":"closed","template":"","meta":{"_monsterinsights_skip_tracking":false,"_monsterinsights_sitenote_active":false,"_monsterinsights_sitenote_note":"","_monsterinsights_sitenote_category":0,"footnotes":""},"class_list":["post-118","page","type-page","status-publish","hentry"],"_links":{"self":[{"href":"https:\/\/gozo.eus\/eu\/wp-json\/wp\/v2\/pages\/118","targetHints":{"allow":["GET"]}}],"collection":[{"href":"https:\/\/gozo.eus\/eu\/wp-json\/wp\/v2\/pages"}],"about":[{"href":"https:\/\/gozo.eus\/eu\/wp-json\/wp\/v2\/types\/page"}],"author":[{"embeddable":true,"href":"https:\/\/gozo.eus\/eu\/wp-json\/wp\/v2\/users\/2"}],"replies":[{"embeddable":true,"href":"https:\/\/gozo.eus\/eu\/wp-json\/wp\/v2\/comments?post=118"}],"version-history":[{"count":52,"href":"https:\/\/gozo.eus\/eu\/wp-json\/wp\/v2\/pages\/118\/revisions"}],"predecessor-version":[{"id":502,"href":"https:\/\/gozo.eus\/eu\/wp-json\/wp\/v2\/pages\/118\/revisions\/502"}],"wp:attachment":[{"href":"https:\/\/gozo.eus\/eu\/wp-json\/wp\/v2\/media?parent=118"}],"curies":[{"name":"wp","href":"https:\/\/api.w.org\/{rel}","templated":true}]}}