{"id":41,"date":"2021-12-01T19:13:19","date_gmt":"2021-12-01T18:13:19","guid":{"rendered":"https:\/\/gozo.eus\/?page_id=41"},"modified":"2021-12-01T19:14:03","modified_gmt":"2021-12-01T18:14:03","slug":"gozo-i-2o-bloque","status":"publish","type":"page","link":"https:\/\/gozo.eus\/eu\/gozo-i-2o-bloque\/","title":{"rendered":"GOZO I: 2\u00ba atala"},"content":{"rendered":"<strong>Javier Guzm\u00e1n<\/strong><\/p>\n<p>Bidezko Elikadurako zuzendaria. Zientzia Politikan eta Soziologian lizentziaduna, nekazal elikadurako `politiketan aditua eta giza eskubideen, elikadura burujabetza eta nazioarteko elkartasunaren aldeko aktibista. Plataforma Rural eta Agorans Nord-Sud plataformetan parte hartzen du, Elikadura Osasunaren Aliantzaren sustatzailea da eta hainbat hedabideetan kolaborazioak egiten ditu.<\/p>\n<p><em>Hitzaldiaren izenburua:<\/em> Gizarte eragileen zeregina eskola-elikaduraren eraldaketan<\/p>\n<p>Informazio gehiago:<br \/>\n<a href=\"https:\/\/justiciaalimentaria.org\/\">https:\/\/justiciaalimentaria.org\/<\/a><\/p>\n<hr \/>\n<p><strong>Claudia Paltrinieri<\/strong><\/p>\n<p>2011an eskoletan menu hobeagoa izateko negoziatzen duen Milaneko eskola-jantokien batzordearen ordezkari izendatu zuten. 2015Ean Foodinsider sortu zuen, non herramintak eta informazio erabilgarria zabaltzen duen. 2016an eskola jantokien menuen ranking-a sortzen du eta 2019an eskolen janari sustengarriaren kalifikazioa martxan jartzen du. Paltrinieri informazio iturria da eskola elikadura sustengarriaren ikerketentzat eta \u00abComer en la escuela, la revoluci\u00f3n de la comida sostenible que cambiar\u00e1 el mundo\u00bb izeneki liburua plazaratzear dago.<\/p>\n<p><em>Hitzaldiaren izenburua:<\/em> Eskola-jantokia, osasungarria eta iraunkorra: erakunde eta gizarte eragileen ardura<\/p>\n<p>Foodinsiderrek Italiako eskolen menuak aztertu eta eskola-jantokien praktika onak batzen ditu. Honi esker kalitatezko eskola-jantokien esperientziak bildu eta partekatzeko aukera dago, martxan dauden eta moldatu daitezkeen ereduak zabalduz. Foodinsiderrek berrikuntza eta janari on, osasungarria eta iraunkorraren kultura bultzatu egiten du.<\/p>\n<p>Informazio gehiago:<br \/>\n<a href=\"http:\/\/www.foodinsider.it\/educazione-alimentare-in-mensa-come-fare\/\">http:\/\/www.foodinsider.it\/educazione-alimentare-in-mensa-come-fare\/<\/a><br \/>\n<a href=\"http:\/\/www.foodinsider.it\/classifica-menu-mense-scolastiche\/3-rating-menu-scolastici\/\">http:\/\/www.foodinsider.it\/classifica-menu-mense-scolastiche\/3-rating-menu-scolastici\/<\/a><br \/>\n<a href=\"http:\/\/www.foodinsider.it\/chi-siamo\/le-nostre-conferenze\/\">http:\/\/www.foodinsider.it\/chi-siamo\/le-nostre-conferenze\/<\/a><\/p>\n<hr \/>\n<p><strong>Pablo Alconchel<\/strong><\/p>\n<p>2014an sortu eta bere baitan 50 IGE baino gehiago batzen dituen Aragoneko kalitatezko eskola-jantokien aldeko plataformaren bozeramailea.<\/p>\n<p><em>Hitzaldiaren izenburua<\/em>: Zerbitzuaren kalitatea eta kudeaketaren ebaluaketa jantoki-batzordearen bidez<\/p>\n<p>Aragoneko haur hezkuntza, lehen hezkuntza eta hezkuntza bereziko zentro publikoetako eskola-jantokien kalitatearen eta ikasleen arreta zerbitzuaren jarraipena eta ebaluaketaren protokoloaren sorrera (2019ko apirilaren 30ean).<\/p>\n<p>Informazio gehiago:<br \/>\n<a href=\"http:\/\/www.tiojorge.es\/wp-content\/uploads\/2019\/05\/29-Protocolo-calidad-comedores-escolares-DGPFP-20190430.pdf\">http:\/\/www.tiojorge.es\/wp-content\/uploads\/2019\/05\/29-Protocolo-calidad-comedores-escolares-DGPFP-20190430.pdf<\/a><\/p>\n<hr \/>\n<p><strong>Hasier Iratzoki<\/strong><\/p>\n<p>Ekoaldeko koordinatzailea, Nafarroako ekoizpen ekologikoa biltzeko eta banatzeko abiatu den gunea<\/p>\n<p><em>Hitzaldiaren izenburua:<\/em> Ekoalde, Nafarroako elikagai ekologikoak biltegiratu eta banatzeko zentroa<\/p>\n<p>Ekoalderi esker, Nafarroan produktu ekologikoak ekoizten dituztenei aukera ematen die zuzenean erosleengana iristen, harreman zuzenak eta gardenak sortuz. Ekoaldek eskariak kudeatzen ditu, ekoizleekin harremanetan jartzen da, produktuak jasotzen ditu, prozesua erabat erraztuz. Gaur egun 50 ekoizle ekologiko baino gehiago biltzen ditu Ekoaldek.<\/p>\n<p>Informazio gehiago:<br \/>\n<a href=\"https:\/\/www.ekoalde.org\/eu\">https:\/\/www.ekoalde.org\/eu<\/a><\/p>\n<hr \/>\n<hr \/>\n<p><strong>David Caball\u00e9<\/strong><\/p>\n<p>Ecoarrels enpresako kudeatzailea, eskola-jantokientzako enpresa<\/p>\n<p><em>Hitzaldiaren izenburua<\/em>: Eragile eraldatzaileen esperientziak<\/p>\n<p>2012an sortu zen Ecoarrels eskola-jantokien kudeaketa ereduan aldaketa bilatzeko xedez. Horretarako elikagaien bikaintasuna eta hezkuntza komunitatearen elkarlana bilatzen du Ecoarrelsek, jantokia eskolaren hezkuntza proiektuan integratzeko. Ecoarrels 3 zentrotan hasi zen lanean eta dagoeneko 10 zentro kudeatzen ditu, egunero 2.000 menu inguru prestatuz.<\/p>\n<p>Informazio gehiago:<br \/>\n<a href=\"https:\/\/ecoarrels.cat\/\">https:\/\/ecoarrels.cat\/<\/a><\/p>\n<hr \/>\n<p><strong>Margarita Hern\u00e1ndez<\/strong><\/p>\n<p>Nekazaritza Elikagaien Kalitatearen Kanariar Institutuaren (ICCA) eta Ecocomedores programaren kidea. 2014Ko irailetik ekoizpen ekologikoa sustatzeko ekintzak koordinatzen ditu.<\/p>\n<p><em>Hitzaldiaren izenburua:<\/em> Kanariar Uharteetako Gobernuaren Ecocomedores programa<\/p>\n<p>Kanariar Uharteetako Ecocomedores programaren helburua uharteetan ekoizpen ekologikoa sustatzeko sareak sortzea da. Horretarako, ikastetxeetan eta osasun zentroetan, besteak beste, produktu ekologikoak, bertokoak eta sasoioak sustatzen dituzte.<\/p>\n<p>Informazio gehiago:<br \/>\n<a href=\"http:\/\/www.ecocomedoresdecanarias.com\/\">http:\/\/www.ecocomedoresdecanarias.com\/<\/a><br \/>\n<a href=\"mailto:icca.cagpa@gobiernodecanarias.org\">icca.cagpa@gobiernodecanarias.org<\/a><\/p>\n<hr \/>\n<p><strong>Miguel \u00c1ngel Royo<\/strong><\/p>\n<p>Medikua, Medikuntza prentiboan eta osasun publikuan aditua. Osasuneko Eskola Nazionaleko ikasketa burua. Elikadura Osasungarriaren Aliantzan parte hjartzen du SESPASko ordezkari moduan.<\/p>\n<p><em>Hitzaldiaren izenburua:<\/em> Eskolako elikadura politikak Espainian eta ohitura osasungarrien sustapena<\/p>\n<p>Azken urteetan Madrilgo lehen eta bigarren hezkuntzako ikastetxeetako janari-makinen eskaintza aztertzeko hainbat ikerketa egin ditu, baita eskola-elikaduraren adostasun dokumentuan agertzen diren baldintzak betetzen diren aztertzen dituzten ikerketak ere.<\/p>\n<p>Informazio gehiago:<br \/>\nCuestionario SNIPE (school nutrition index of programme effectiveness \u2013 \u00edndice de la efectividad de los programas de nutrici\u00f3n escolar) adaptado para Espa\u00f1a<\/p>\n<hr \/>\n<hr \/>\n<p><strong>Sonia Quiroga<\/strong><\/p>\n<p>Alcalako Unibertsitateko Ekonomia Departamentuko irakaslea<\/p>\n<p><em>Hitzaldiaren izenburua:<\/em> Ikerkuntza eskola-elikaduraren eraldaketarako<br \/>\nInformazio gehiago:<br \/>\n<a href=\"https:\/\/www.uah.es\/es\/\">https:\/\/www.uah.es\/es\/<\/a><\/p>\n<hr \/>\n<p><strong>Leticia Cardenal<\/strong><\/p>\n<p>Ikasleen Gurasoen Elkarteen Espainiako Konfederazioaren presidentea (CEAPA)<\/p>\n<p>Hitzaldiaren izenburua: Elikadura-ohitura egokien lorpena eskolan eta etxeetan<\/p>\n<p>Leticia Kantabriako Federazioaren presidentea da orain dela bost urtetik eta Ikasleen Gurasoen Elkarteen Konfederazioaren presidentea duela hiru urtetik<\/p>\n<p>Informazio gehiago:<br \/>\n<a href=\"https:\/\/www.ceapa.es\/\">https:\/\/www.ceapa.es\/<\/a><\/p>\n<hr \/>\n<p><strong>Iolanda Formoso<\/strong><\/p>\n<p>Sukaldaria<\/p>\n<p><em>Hitzaldiaren izenburua:<\/em> Langileen zeregina eskola-elikaduraren eraldaketan<\/p>\n<hr \/>\n<hr \/>\n<p><strong>Amets Elgezabal<\/strong><\/p>\n<p>Busturialdeko baserritar sarearen koordinatzailea<\/p>\n<p><em>Hitzaldiaren izenburua:<\/em> Baserritarren zeregina eskola-elikaduraren eraldaketan","protected":false},"excerpt":{"rendered":"<p>Javier Guzm\u00e1n Bidezko Elikadurako zuzendaria. Zientzia Politikan eta Soziologian lizentziaduna, nekazal elikadurako `politiketan aditua eta giza eskubideen, elikadura burujabetza eta nazioarteko elkartasunaren aldeko aktibista. Plataforma Rural eta Agorans Nord-Sud plataformetan parte hartzen du, Elikadura Osasunaren Aliantzaren sustatzailea da eta hainbat hedabideetan kolaborazioak egiten ditu. Hitzaldiaren izenburua: Gizarte eragileen zeregina eskola-elikaduraren eraldaketan Informazio gehiago: https:\/\/justiciaalimentaria.org\/ Claudia [&hellip;]<\/p>\n","protected":false},"author":1,"featured_media":0,"parent":0,"menu_order":0,"comment_status":"closed","ping_status":"closed","template":"","meta":{"_monsterinsights_skip_tracking":false,"_monsterinsights_sitenote_active":false,"_monsterinsights_sitenote_note":"","_monsterinsights_sitenote_category":0,"footnotes":""},"class_list":["post-41","page","type-page","status-publish","hentry"],"_links":{"self":[{"href":"https:\/\/gozo.eus\/eu\/wp-json\/wp\/v2\/pages\/41","targetHints":{"allow":["GET"]}}],"collection":[{"href":"https:\/\/gozo.eus\/eu\/wp-json\/wp\/v2\/pages"}],"about":[{"href":"https:\/\/gozo.eus\/eu\/wp-json\/wp\/v2\/types\/page"}],"author":[{"embeddable":true,"href":"https:\/\/gozo.eus\/eu\/wp-json\/wp\/v2\/users\/1"}],"replies":[{"embeddable":true,"href":"https:\/\/gozo.eus\/eu\/wp-json\/wp\/v2\/comments?post=41"}],"version-history":[{"count":1,"href":"https:\/\/gozo.eus\/eu\/wp-json\/wp\/v2\/pages\/41\/revisions"}],"predecessor-version":[{"id":42,"href":"https:\/\/gozo.eus\/eu\/wp-json\/wp\/v2\/pages\/41\/revisions\/42"}],"wp:attachment":[{"href":"https:\/\/gozo.eus\/eu\/wp-json\/wp\/v2\/media?parent=41"}],"curies":[{"name":"wp","href":"https:\/\/api.w.org\/{rel}","templated":true}]}}